


{"id":3232,"date":"2022-10-21T12:56:09","date_gmt":"2022-10-21T12:56:09","guid":{"rendered":"https:\/\/cx1-conference.com\/de\/?page_id=3232"},"modified":"2022-10-26T10:03:23","modified_gmt":"2022-10-26T10:03:23","slug":"awards-2022","status":"publish","type":"page","link":"https:\/\/cx1-conference.com\/de\/awards-2022\/","title":{"rendered":"Awards 2022"},"content":{"rendered":"<section         class=\"block-hero  no-margin no-padding\" style=\"background-image:url('');color:#ffffff\" id=\"\"\n>\n    <div class=\"hero-area\" style=\"background-image:url('https:\/\/cx1-conference.com\/de\/wp-content\/uploads\/sites\/2\/2022\/02\/cx1-award-header-desktop-scaled.jpeg')\">\n        <div class=\"container hero-content\">\n\t\t\t<div class=\"left-hero\">\n\t\t\t\t<h1>CX1 AWARD 2022<\/h1>\n<p>Mit den CX1 Awards werden die herausragenden Leistungen von Unternehmen gew\u00fcrdigt, gesch\u00e4tzt und gefeiert, die au\u00dfergew\u00f6hnliches CX auf dem heutigen Markt bieten.<\/p>\n<p>Die Mitglieder der gesch\u00e4tzten Jury &#8211; von Branchenexperten \u00fcber Journalisten bis hin zu CEOs &#8211; werden die besten Innovatoren in die engere Auswahl genommen um daraus die Gewinner der begehrtesten Preise im CX Bereich zu k\u00fcren.<\/p>\n\t\t\t\t\t\t\t\t\t\t\t\t\t\t\t\t\t\t\t\t\t\t\t<\/div>\n        <\/div>\n\t\t<img decoding=\"async\" src=\"\/wp-content\/themes\/toast\/assets\/images\/chevron-down.svg\" alt=\"Next Section\" class=\"next-section\">\n    <\/div>\n<\/section>\n\n<section         class=\"block-columns  no-margin padding-both\" style=\"background-image:url('');\" id=\"\"\n>\n\t         <img decoding=\"async\" src=\"\/wp-content\/themes\/toast\/assets\/decorations\/zig-zag-right.svg\" class=\"zig-zag-right-decoration decoration\" style=\"top:px\">\n    \n\t<div class=\"container\">\n\t\t<h2 class=\"section-title\">Die Kategorien<\/h2>\t\t\t\t\t\t\t\t\t\t\t\t<div class=\"grid\" style=\"grid-template-columns:\trepeat( 1, 1fr)\">\n\t\t\t\t<div class=\"col \">\n\t\t\t\t\t<p style=\"text-align: center\"><strong>In diesem Jahr freuen wir uns, drei CX1-Preise zu verleihen und gratulieren den Gewinnern zu ihren herausragenden Leistungen:<\/strong><\/p>\n\t\t\t\t<\/div>\n\t\t\t\n\t\t\t<\/div>\n\t<\/div>\n<\/section>\n\n<section         class=\"block-categories  no-margin small-padding-both\" style=\"background-image:url('');\" id=\"\"\n>\n\t        <img decoding=\"async\" src=\"\/wp-content\/themes\/toast\/assets\/decorations\/arrow-left.svg\" class=\"arrow-left-decoration decoration\" style=\"top:px\">\n    \t<div class=\"container\">\n\t\t<div class=\"same-height-container category-boxes\">\n\t\t\t\t\t\t\t<div class=\"category-box\">\n\t\t\t\t\t<div class=\"colour-bar\" style=\"background:\"><\/div>\n\t\t\t\t\t<div class=\"same-height\">\n\t\t\t\t\t\t<div class=\"category-name\" style=\"color:\">CX Leader of the Year<\/div>\n\t\t\t\t\t\t<h3>Hubspot<\/h3>\n\t\t\t\t\t\tHubspot bietet nicht nur eine gro\u00dfartige Produktpalette, sondern seine Mitarbeiter investieren viel Energie und Ressourcen in die Ausbildung ihrer Kunden und investieren direkt in deren Erfolg, um ein beeindruckendes Gesamterlebnis f\u00fcr die Kunden zu schaffen.\t\t\t\t\t<\/div>\n\t\t\t\t\t<span style=\"color:\">\n\t\t\t\t\t<a href=\"https:\/\/www.hubspot.de\/\" class=\"button\" style=\"background:;border:1px solid \">Gewinner besuchen<\/a>\n\t\t\t\t\t<\/span>\n\t\t\t\t<\/div>\n\t\t\t\t\t\t\t<div class=\"category-box\">\n\t\t\t\t\t<div class=\"colour-bar\" style=\"background:\"><\/div>\n\t\t\t\t\t<div class=\"same-height\">\n\t\t\t\t\t\t<div class=\"category-name\" style=\"color:\">CX Enabler of the Year<\/div>\n\t\t\t\t\t\t<h3>gominga<\/h3>\n\t\t\t\t\t\tDie Software von Gominga erm\u00f6glicht es Unternehmen, Kundenrezensionen aus einer Vielzahl von Kan\u00e4len zu zentralisieren und so einen 360\u00b0-\u00dcberblick \u00fcber das Kundenfeedback zu erhalten, w\u00e4hrend sie gleichzeitig in der Lage sind, auf jede Rezension direkt von einer einzigen Plattform aus zu reagieren.\t\t\t\t\t<\/div>\n\t\t\t\t\t<span style=\"color:\">\n\t\t\t\t\t<a href=\"https:\/\/gominga.com\/de\/\" class=\"button\" style=\"background:;border:1px solid \">Gewinner besuchen<\/a>\n\t\t\t\t\t<\/span>\n\t\t\t\t<\/div>\n\t\t\t\t\t\t\t<div class=\"category-box\">\n\t\t\t\t\t<div class=\"colour-bar\" style=\"background:\"><\/div>\n\t\t\t\t\t<div class=\"same-height\">\n\t\t\t\t\t\t<div class=\"category-name\" style=\"color:\">CX Action Hero<\/div>\n\t\t\t\t\t\t<h3>Dr. Maxie Schmidt<\/h3>\n\t\t\t\t\t\tF\u00fcr ihre entscheidende Rolle beim Aufbau einer CX-Community im deutschsprachigen Raum, die immer ansprechbar ist und aktiv zu unglaublich aufschlussreichen Konversationen in den sozialen Medien, durch Podcasts, Rednerauftritte und wirkungsvolle Inhalte beitr\u00e4gt.\t\t\t\t\t<\/div>\n\t\t\t\t\t<span style=\"color:\">\n\t\t\t\t\t<a href=\"https:\/\/www.linkedin.com\/in\/maxieschmidt\/\" class=\"button\" style=\"background:;border:1px solid \">Gewinner besuchen<\/a>\n\t\t\t\t\t<\/span>\n\t\t\t\t<\/div>\n\t\t\t\t\t<\/div>\n\t<\/div>\n<\/section>\n\n<section         class=\"block-columns  no-margin small-padding-both\" style=\"background-image:url('');\" id=\"\"\n>\n\t        <img decoding=\"async\" src=\"\/wp-content\/themes\/toast\/assets\/decorations\/dots-left.svg\" class=\"dots-left-decoration decoration\" style=\"top:px\">\n    \n\t<div class=\"container\">\n\t\t<h2 class=\"section-title\">Preise<\/h2>\t\t\t\t\t\t\t\t\t\t\t\t<div class=\"grid\" style=\"grid-template-columns:\trepeat( 1, 1fr)\">\n\t\t\t\t<div class=\"col \">\n\t\t\t\t\t<ul>\n<li><span class=\"\" style=\"display:block;clear:both;height: 0px;padding-top: 20px;border-top-width:0px;border-bottom-width:0px;\"><\/span>\u201cCX1 Award Winner\u201d Website Display Badge<\/li>\n<li>VIP-Ticket f\u00fcr ein exklusives Galadinner zur Preisverleihung<\/li>\n<li>Renommierte Siegertroph\u00e4e<\/li>\n<\/ul>\n\t\t\t\t<\/div>\n\t\t\t\n\t\t\t<\/div>\n\t<\/div>\n<\/section>\n\n<section         class=\"block-columns  no-margin small-padding-top\" style=\"background-image:url('');\" id=\"\"\n>\n\t         <img decoding=\"async\" src=\"\/wp-content\/themes\/toast\/assets\/decorations\/arrow-right.svg\" class=\"arrow-right-decoration decoration\" style=\"top:px\">\n    \n\t<div class=\"container\">\n\t\t<h2 class=\"section-title\">Unsere Partner<\/h2>\t\t\t\t\t\t\t\t\t\t\t\t<div class=\"grid\" style=\"grid-template-columns:\trepeat( 1, 1fr)\">\n\t\t\t\t<div class=\"col \">\n\t\t\t\t\t\t\t\t\t<\/div>\n\t\t\t\n\t\t\t<\/div>\n\t<\/div>\n<\/section>\n\n<section         class=\"block-partners  no-margin small-padding-both\" style=\"background-image:url('');\" id=\"\"\n>\n\t    <div class=\"container\">\n                    <h3>Diamond Partner<\/h3>\n                <div class=\"partners\">\n                    <a href=\"https:\/\/www.zendesk.com\/\" class=\"partner\">\n                <img decoding=\"async\" src=\"https:\/\/cx1-conference.com\/de\/wp-content\/uploads\/sites\/2\/2022\/01\/cx1-diamond-partner-logo-zendesk-2-01.svg\" class=\"attachment-full size-full\" alt=\"\" \/>            <\/a>\n                <\/div>\n    <\/div>\n<\/section>\n\n<section         class=\"block-partners  no-margin small-padding-bottom\" style=\"background-image:url('');\" id=\"\"\n>\n\t    <div class=\"container\">\n                    <h3>Gold Partner<\/h3>\n                <div class=\"partners\">\n                    <a href=\"https:\/\/www.zenloop.com\/en\" class=\"partner\">\n                <img decoding=\"async\" src=\"https:\/\/cx1-conference.com\/de\/wp-content\/uploads\/sites\/2\/2022\/01\/cx1-gold-partner-logo-zenloop-01.svg\" class=\"attachment-full size-full\" alt=\"\" \/>            <\/a>\n                    <a href=\"https:\/\/www.dynamicyield.com\/\" class=\"partner\">\n                <img decoding=\"async\" src=\"https:\/\/cx1-conference.com\/de\/wp-content\/uploads\/sites\/2\/2022\/02\/cx1-speaker-logo-dynamic-yield.svg\" class=\"attachment-full size-full\" alt=\"logo of dynamic yield\" \/>            <\/a>\n                    <a href=\"https:\/\/www.freshworks.com\/\" class=\"partner\">\n                <img loading=\"lazy\" decoding=\"async\" width=\"160\" height=\"80\" src=\"https:\/\/cx1-conference.com\/de\/wp-content\/uploads\/sites\/2\/2022\/03\/cx1-gold-partner-logo-freshworks.svg\" class=\"attachment-full size-full\" alt=\"\" \/>            <\/a>\n                <\/div>\n    <\/div>\n<\/section>\n\n<section         class=\"block-partners  no-margin small-padding-bottom\" style=\"background-image:url('');\" id=\"\"\n>\n\t    <div class=\"container\">\n                    <h3>Silver Partner<\/h3>\n                <div class=\"partners\">\n                    <a href=\"https:\/\/www.findologic.com\/en\/\" class=\"partner\">\n                            <\/a>\n                <\/div>\n    <\/div>\n<\/section>\n\n<section         class=\"block-partners  no-margin small-padding-bottom\" style=\"background-image:url('');\" id=\"\"\n>\n\t    <div class=\"container\">\n                    <h3>Media Partner<\/h3>\n                <div class=\"partners\">\n                    <a href=\"https:\/\/www.esales4u.de\/\" class=\"partner\">\n                <img loading=\"lazy\" decoding=\"async\" width=\"160\" height=\"80\" src=\"https:\/\/cx1-conference.com\/de\/wp-content\/uploads\/sites\/2\/2022\/03\/cx1-media-partner-logo-esales4u-1.svg\" class=\"attachment-full size-full\" alt=\"\" \/>            <\/a>\n                    <a href=\"https:\/\/www.bevh.org\/\" class=\"partner\">\n                <img loading=\"lazy\" decoding=\"async\" width=\"160\" height=\"80\" src=\"https:\/\/cx1-conference.com\/de\/wp-content\/uploads\/sites\/2\/2022\/02\/cx1-partner-logo-bevh.svg\" class=\"attachment-full size-full\" alt=\"\" \/>            <\/a>\n                    <a href=\"https:\/\/bit.ly\/3OnSxIs\" class=\"partner\">\n                            <\/a>\n                <\/div>\n    <\/div>\n<\/section>\n\n<section         class=\"block-columns  no-margin small-padding-both\" style=\"background-image:url('');\" id=\"\"\n>\n\t\n\t<div class=\"container\">\n\t\t\t\t\t\t\t\t\t\t\t\t\t\t<div class=\"grid\" style=\"grid-template-columns:\t1.5fr 1fr\">\n\t\t\t\t<div class=\"col \">\n\t\t\t\t\t<p style=\"text-align: right\"><a class=\"button\" href=\"\/de\/cx1-world-2022\">Mehr \u00fcber die CX1 WORLD 2022<\/a><\/p>\n\t\t\t\t<\/div>\n\t\t\t\n\t\t\t\n\t\t\t\t<div class=\"col \">\n\t\t\t\t\t<p><a class=\"button\" href=\"#contact\">Kontaktieren Sie uns<\/a><\/p>\n\t\t\t\t<\/div>\n\t\t\t\n\t\t\t<\/div>\n\t<\/div>\n<\/section>","protected":false},"excerpt":{"rendered":"","protected":false},"author":16,"featured_media":0,"parent":0,"menu_order":0,"comment_status":"closed","ping_status":"closed","template":"","meta":{"_acf_changed":false,"inline_featured_image":false,"footnotes":""},"class_list":["post-3232","page","type-page","status-publish","hentry"],"acf":[],"yoast_head":"<!-- This site is optimized with the Yoast SEO plugin v27.4 - https:\/\/yoast.com\/product\/yoast-seo-wordpress\/ -->\n<title>CX1 AWARDS 2022<\/title>\n<meta name=\"description\" content=\"Sehen Sie sich die Gewinner des CX1 AWARD 2022 auf der CX1 WORLD CONFERENCE 2022 in den Kategorien CX Enabler, CX Leader und CX Hero an.\" \/>\n<meta name=\"robots\" content=\"index, follow, max-snippet:-1, max-image-preview:large, max-video-preview:-1\" \/>\n<link rel=\"canonical\" href=\"https:\/\/cx1-conference.com\/de\/awards-2022\/\" \/>\n<meta property=\"og:locale\" content=\"en_US\" \/>\n<meta property=\"og:type\" content=\"article\" \/>\n<meta property=\"og:title\" content=\"CX1 AWARDS 2022\" \/>\n<meta property=\"og:description\" content=\"Sehen Sie sich die Gewinner des CX1 AWARD 2022 auf der CX1 WORLD CONFERENCE 2022 in den Kategorien CX Enabler, CX Leader und CX Hero an.\" \/>\n<meta property=\"og:url\" content=\"https:\/\/cx1-conference.com\/de\/awards-2022\/\" \/>\n<meta property=\"og:site_name\" content=\"CX1 Konferenz Konferenzen\" \/>\n<meta property=\"article:modified_time\" content=\"2022-10-26T10:03:23+00:00\" \/>\n<meta name=\"twitter:card\" content=\"summary_large_image\" \/>\n<script type=\"application\/ld+json\" class=\"yoast-schema-graph\">{\"@context\":\"https:\\\/\\\/schema.org\",\"@graph\":[{\"@type\":\"WebPage\",\"@id\":\"https:\\\/\\\/cx1-conference.com\\\/de\\\/awards-2022\\\/\",\"url\":\"https:\\\/\\\/cx1-conference.com\\\/de\\\/awards-2022\\\/\",\"name\":\"CX1 AWARDS 2022\",\"isPartOf\":{\"@id\":\"https:\\\/\\\/cx1-conference.com\\\/de\\\/#website\"},\"datePublished\":\"2022-10-21T12:56:09+00:00\",\"dateModified\":\"2022-10-26T10:03:23+00:00\",\"description\":\"Sehen Sie sich die Gewinner des CX1 AWARD 2022 auf der CX1 WORLD CONFERENCE 2022 in den Kategorien CX Enabler, CX Leader und CX Hero an.\",\"breadcrumb\":{\"@id\":\"https:\\\/\\\/cx1-conference.com\\\/de\\\/awards-2022\\\/#breadcrumb\"},\"inLanguage\":\"en-US\",\"potentialAction\":[{\"@type\":\"ReadAction\",\"target\":[\"https:\\\/\\\/cx1-conference.com\\\/de\\\/awards-2022\\\/\"]}]},{\"@type\":\"BreadcrumbList\",\"@id\":\"https:\\\/\\\/cx1-conference.com\\\/de\\\/awards-2022\\\/#breadcrumb\",\"itemListElement\":[{\"@type\":\"ListItem\",\"position\":1,\"name\":\"Home\",\"item\":\"https:\\\/\\\/cx1-conference.com\\\/de\\\/\"},{\"@type\":\"ListItem\",\"position\":2,\"name\":\"Awards 2022\"}]},{\"@type\":\"WebSite\",\"@id\":\"https:\\\/\\\/cx1-conference.com\\\/de\\\/#website\",\"url\":\"https:\\\/\\\/cx1-conference.com\\\/de\\\/\",\"name\":\"CX1 Konferenz Konferenzen\",\"description\":\"Die gr\u00f6\u00dfte CX-Konferenz in Europa\",\"publisher\":{\"@id\":\"https:\\\/\\\/cx1-conference.com\\\/de\\\/#organization\"},\"potentialAction\":[{\"@type\":\"SearchAction\",\"target\":{\"@type\":\"EntryPoint\",\"urlTemplate\":\"https:\\\/\\\/cx1-conference.com\\\/de\\\/?s={search_term_string}\"},\"query-input\":{\"@type\":\"PropertyValueSpecification\",\"valueRequired\":true,\"valueName\":\"search_term_string\"}}],\"inLanguage\":\"en-US\"},{\"@type\":\"Organization\",\"@id\":\"https:\\\/\\\/cx1-conference.com\\\/de\\\/#organization\",\"name\":\"CX1\",\"url\":\"https:\\\/\\\/cx1-conference.com\\\/de\\\/\",\"logo\":{\"@type\":\"ImageObject\",\"inLanguage\":\"en-US\",\"@id\":\"https:\\\/\\\/cx1-conference.com\\\/de\\\/#\\\/schema\\\/logo\\\/image\\\/\",\"url\":\"https:\\\/\\\/cx1-conference.com\\\/de\\\/wp-content\\\/uploads\\\/sites\\\/2\\\/2022\\\/07\\\/CX1-Logo-Black-w-Gradient-RGB-1.png\",\"contentUrl\":\"https:\\\/\\\/cx1-conference.com\\\/de\\\/wp-content\\\/uploads\\\/sites\\\/2\\\/2022\\\/07\\\/CX1-Logo-Black-w-Gradient-RGB-1.png\",\"width\":783,\"height\":331,\"caption\":\"CX1\"},\"image\":{\"@id\":\"https:\\\/\\\/cx1-conference.com\\\/de\\\/#\\\/schema\\\/logo\\\/image\\\/\"}}]}<\/script>\n<!-- \/ Yoast SEO plugin. -->","yoast_head_json":{"title":"CX1 AWARDS 2022","description":"Sehen Sie sich die Gewinner des CX1 AWARD 2022 auf der CX1 WORLD CONFERENCE 2022 in den Kategorien CX Enabler, CX Leader und CX Hero an.","robots":{"index":"index","follow":"follow","max-snippet":"max-snippet:-1","max-image-preview":"max-image-preview:large","max-video-preview":"max-video-preview:-1"},"canonical":"https:\/\/cx1-conference.com\/de\/awards-2022\/","og_locale":"en_US","og_type":"article","og_title":"CX1 AWARDS 2022","og_description":"Sehen Sie sich die Gewinner des CX1 AWARD 2022 auf der CX1 WORLD CONFERENCE 2022 in den Kategorien CX Enabler, CX Leader und CX Hero an.","og_url":"https:\/\/cx1-conference.com\/de\/awards-2022\/","og_site_name":"CX1 Konferenz Konferenzen","article_modified_time":"2022-10-26T10:03:23+00:00","twitter_card":"summary_large_image","schema":{"@context":"https:\/\/schema.org","@graph":[{"@type":"WebPage","@id":"https:\/\/cx1-conference.com\/de\/awards-2022\/","url":"https:\/\/cx1-conference.com\/de\/awards-2022\/","name":"CX1 AWARDS 2022","isPartOf":{"@id":"https:\/\/cx1-conference.com\/de\/#website"},"datePublished":"2022-10-21T12:56:09+00:00","dateModified":"2022-10-26T10:03:23+00:00","description":"Sehen Sie sich die Gewinner des CX1 AWARD 2022 auf der CX1 WORLD CONFERENCE 2022 in den Kategorien CX Enabler, CX Leader und CX Hero an.","breadcrumb":{"@id":"https:\/\/cx1-conference.com\/de\/awards-2022\/#breadcrumb"},"inLanguage":"en-US","potentialAction":[{"@type":"ReadAction","target":["https:\/\/cx1-conference.com\/de\/awards-2022\/"]}]},{"@type":"BreadcrumbList","@id":"https:\/\/cx1-conference.com\/de\/awards-2022\/#breadcrumb","itemListElement":[{"@type":"ListItem","position":1,"name":"Home","item":"https:\/\/cx1-conference.com\/de\/"},{"@type":"ListItem","position":2,"name":"Awards 2022"}]},{"@type":"WebSite","@id":"https:\/\/cx1-conference.com\/de\/#website","url":"https:\/\/cx1-conference.com\/de\/","name":"CX1 Konferenz Konferenzen","description":"Die gr\u00f6\u00dfte CX-Konferenz in Europa","publisher":{"@id":"https:\/\/cx1-conference.com\/de\/#organization"},"potentialAction":[{"@type":"SearchAction","target":{"@type":"EntryPoint","urlTemplate":"https:\/\/cx1-conference.com\/de\/?s={search_term_string}"},"query-input":{"@type":"PropertyValueSpecification","valueRequired":true,"valueName":"search_term_string"}}],"inLanguage":"en-US"},{"@type":"Organization","@id":"https:\/\/cx1-conference.com\/de\/#organization","name":"CX1","url":"https:\/\/cx1-conference.com\/de\/","logo":{"@type":"ImageObject","inLanguage":"en-US","@id":"https:\/\/cx1-conference.com\/de\/#\/schema\/logo\/image\/","url":"https:\/\/cx1-conference.com\/de\/wp-content\/uploads\/sites\/2\/2022\/07\/CX1-Logo-Black-w-Gradient-RGB-1.png","contentUrl":"https:\/\/cx1-conference.com\/de\/wp-content\/uploads\/sites\/2\/2022\/07\/CX1-Logo-Black-w-Gradient-RGB-1.png","width":783,"height":331,"caption":"CX1"},"image":{"@id":"https:\/\/cx1-conference.com\/de\/#\/schema\/logo\/image\/"}}]}},"_links":{"self":[{"href":"https:\/\/cx1-conference.com\/de\/wp-json\/wp\/v2\/pages\/3232","targetHints":{"allow":["GET"]}}],"collection":[{"href":"https:\/\/cx1-conference.com\/de\/wp-json\/wp\/v2\/pages"}],"about":[{"href":"https:\/\/cx1-conference.com\/de\/wp-json\/wp\/v2\/types\/page"}],"author":[{"embeddable":true,"href":"https:\/\/cx1-conference.com\/de\/wp-json\/wp\/v2\/users\/16"}],"replies":[{"embeddable":true,"href":"https:\/\/cx1-conference.com\/de\/wp-json\/wp\/v2\/comments?post=3232"}],"version-history":[{"count":0,"href":"https:\/\/cx1-conference.com\/de\/wp-json\/wp\/v2\/pages\/3232\/revisions"}],"wp:attachment":[{"href":"https:\/\/cx1-conference.com\/de\/wp-json\/wp\/v2\/media?parent=3232"}],"curies":[{"name":"wp","href":"https:\/\/api.w.org\/{rel}","templated":true}]}}