


{"id":2635,"date":"2022-08-23T08:07:15","date_gmt":"2022-08-23T08:07:15","guid":{"rendered":"https:\/\/cx1-conference.com\/de\/?page_id=2635"},"modified":"2022-10-21T12:46:21","modified_gmt":"2022-10-21T12:46:21","slug":"awards-2022-trash","status":"publish","type":"page","link":"https:\/\/cx1-conference.com\/de\/awards-2022-trash\/","title":{"rendered":"Awards 2022 trash"},"content":{"rendered":"<section         class=\"block-hero  no-margin no-padding\" style=\"background-image:url('');color:#ffffff\" id=\"\"\n>\n    <div class=\"hero-area\" style=\"background-image:url('https:\/\/cx1-conference.com\/de\/wp-content\/uploads\/sites\/2\/2022\/08\/cx1-award-header-desktop-scaled.jpg')\">\n        <div class=\"container hero-content\">\n\t\t\t<div class=\"left-hero\">\n\t\t\t\t<h1><span style=\"font-weight: 600\">CX1 AWARDS 2022<\/span><\/h1>\n<p><span class=\"awards\">Mit den CX1 Awards werden die herausragenden Leistungen von Unternehmen gew\u00fcrdigt, gesch\u00e4tzt und gefeiert, die au\u00dfergew\u00f6hnliches CX auf dem heutigen Markt bieten.<\/span><\/p>\n<p><span class=\"awards\">Die Mitglieder der gesch\u00e4tzten Jury &#8211; von Branchenexperten \u00fcber Journalisten bis hin zu CEOs &#8211; werden die besten Innovatoren in die engere Auswahl genommen um daraus die Gewinner der begehrtesten Preise im CX Bereich zu k\u00fcren. <\/span><\/p>\n\t\t\t\t\t\t\t\t\t\t\t\t\t\t\t\t\t\t\t\t\t\t\t\t\t<div class=\"hero-buttons\">\n\t\t\t\t\t\t\t\t\t\t\t\t\t<a href=\"#kategorien\" class=\"button\" style=\"background:#7c7c7c;color:#ffffff\">Mehr erfahren<\/a>\n\t\t\t\t\t\t\t\t\t\t\t<\/div>\n\t\t\t\t\t\t\t<\/div>\n        <\/div>\n\t\t<img decoding=\"async\" src=\"\/wp-content\/themes\/toast\/assets\/images\/chevron-down.svg\" alt=\"Next Section\" class=\"next-section\">\n    <\/div>\n<\/section>\n\n<section         class=\"block-columns align-center no-margin padding-top\" style=\"background-image:url('');\" id=\"kategorien\"\n>\n\t        <img decoding=\"async\" src=\"\/wp-content\/themes\/toast\/assets\/decorations\/dots-left.svg\" class=\"dots-left-decoration decoration\" style=\"top:px\">\n    \n\t<div class=\"container\">\n\t\t<h2 class=\"section-title\">WIR FREUEN UNS 3 CX1-PREISE ZU VERLEIHEN<\/h2>\t\t\t\t\t\t\t\t\t\t\t\t<div class=\"grid\" style=\"grid-template-columns:\trepeat( 1, 1fr)\">\n\t\t\t\t<div class=\"col \">\n\t\t\t\t\t\t\t\t\t<\/div>\n\t\t\t\n\t\t\t<\/div>\n\t<\/div>\n<\/section>\n\n<section         class=\"block-categories stripe-background no-margin small-padding-top\" style=\"background-image:url('');\" id=\"\"\n>\n\t\t<div class=\"container\">\n\t\t<div class=\"same-height-container category-boxes\">\n\t\t\t\t\t\t\t<div class=\"category-box\">\n\t\t\t\t\t<div class=\"colour-bar\" style=\"background:#5ca1df\"><\/div>\n\t\t\t\t\t<div class=\"same-height\">\n\t\t\t\t\t\t<div class=\"category-name\" style=\"color:#5ca1df\">Kategorie A<\/div>\n\t\t\t\t\t\t<h3>CX Leader of the Year <\/h3>\n\t\t\t\t\t\tUnternehmen, die mit einer CX der Extraklasse f\u00fcr Aufsehen gesorgt haben.\r\n\r\nSind Sie ein CX-Leader oder kennen Sie einen CX-Leader? Lassen Sie es uns bis zum 4. Oktober 2022 wissen.\t\t\t\t\t<\/div>\n\t\t\t\t\t<span style=\"color:#5ca1df\">\n\t\t\t\t\t<a href=\"https:\/\/rz33b40cbim.typeform.com\/to\/aghSD608\" class=\"button\" style=\"background:#5ca1df;border:1px solid #5ca1df\">Jetzt nominieren<\/a>\n\t\t\t\t\t<\/span>\n\t\t\t\t<\/div>\n\t\t\t\t\t\t\t<div class=\"category-box\">\n\t\t\t\t\t<div class=\"colour-bar\" style=\"background:#c06bd2\"><\/div>\n\t\t\t\t\t<div class=\"same-height\">\n\t\t\t\t\t\t<div class=\"category-name\" style=\"color:#c06bd2\">Kategorie B<\/div>\n\t\t\t\t\t\t<h3>CX Enabler of the Year<\/h3>\n\t\t\t\t\t\tUnternehmen, die mit einer technischen oder beratenden L\u00f6sung dazu beigetragen haben, CX auf Weltklasseniveau zu erm\u00f6glichen.\r\n\r\nSind Sie ein CX Enabler oder kennen Sie einen CX Enabler? Lassen Sie es uns bis zum 4. Oktober 2022 wissen.\t\t\t\t\t<\/div>\n\t\t\t\t\t<span style=\"color:#c06bd2\">\n\t\t\t\t\t<a href=\"https:\/\/rz33b40cbim.typeform.com\/to\/ZPmRLyCL\" class=\"button\" style=\"background:#c06bd2;border:1px solid #c06bd2\">Jetzt nominieren<\/a>\n\t\t\t\t\t<\/span>\n\t\t\t\t<\/div>\n\t\t\t\t\t\t\t<div class=\"category-box\">\n\t\t\t\t\t<div class=\"colour-bar\" style=\"background:#7f7f7f\"><\/div>\n\t\t\t\t\t<div class=\"same-height\">\n\t\t\t\t\t\t<div class=\"category-name\" style=\"color:#7f7f7f\">Kategorie C<\/div>\n\t\t\t\t\t\t<h3>CX Action Hero<\/h3>\n\t\t\t\t\t\tAction-orientierte Personen oder Unternehmen, die auf der Grundlage von Kundenfeedback wegweisende CX-Initiativen durchgef\u00fchrt haben (nominiert von zenloop).\t\t\t\t\t<\/div>\n\t\t\t\t\t<span style=\"color:#7f7f7f\">\n\t\t\t\t\t<a href=\"https:\/\/www.zenloop.com\/en\/resources\/whitepaper\/action-management-study\/?utm_source=cx1&amp;utm_medium=link&amp;utm_campaign=AMStudy\" class=\"button\" style=\"background:#7f7f7f;border:1px solid #7f7f7f\">CX Action Studie anschauen<\/a>\n\t\t\t\t\t<\/span>\n\t\t\t\t<\/div>\n\t\t\t\t\t<\/div>\n\t<\/div>\n<\/section>\n\n<section         class=\"block-columns  no-margin padding-both\" style=\"background-image:url('');\" id=\"\"\n>\n\t         <img decoding=\"async\" src=\"\/wp-content\/themes\/toast\/assets\/decorations\/arrow-right.svg\" class=\"arrow-right-decoration decoration\" style=\"top:px\">\n    \n\t<div class=\"container\">\n\t\t\t\t\t\t\t\t\t\t\t\t\t\t<div class=\"grid\" style=\"grid-template-columns:\trepeat( 1, 1fr)\">\n\t\t\t\t<div class=\"col \">\n\t\t\t\t\t<h3 style=\"text-align: center\">Preise \u2013 Was erwartet die Gewinner?<\/h3>\n<p style=\"text-align: center\"><span style=\"font-weight: 400\">\u201cCX1 Award Winner\u201d Website Display Badge<br \/>\n<\/span><span style=\"font-weight: 400\">VIP Ticket f\u00fcr ein exklusives Award Gala Dinner<br \/>\n<\/span>Siegertroph\u00e4e<\/p>\n\t\t\t\t<\/div>\n\t\t\t\n\t\t\t<\/div>\n\t<\/div>\n<\/section>\n\n<section         class=\"block-columns  no-margin small-padding-top\" style=\"background-image:url('');\" id=\"\"\n>\n\t\n\t<div class=\"container\">\n\t\t<h2 class=\"section-title\">CX1 WORLD SPONSOREN<\/h2>\t\t\t\t\t<div class=\"grid\" style=\"grid-template-columns:\trepeat( , 1fr)\"><\/div>\n\t<\/div>\n<\/section>\n\n<section         class=\"block-partners  small-margin-bottom no-padding\" style=\"background-image:url('');\" id=\"\"\n>\n\t    <div class=\"container\">\n                <div class=\"partners\">\n                    <a href=\"https:\/\/www.zendesk.de\/\" class=\"partner\">\n                <img decoding=\"async\" src=\"https:\/\/cx1-conference.com\/de\/wp-content\/uploads\/sites\/2\/2022\/01\/cx1-diamond-partner-logo-zendesk-2-01.svg\" class=\"attachment-full size-full\" alt=\"\" \/>            <\/a>\n                    <a href=\"https:\/\/www.zenloop.com\/de\" class=\"partner\">\n                <img decoding=\"async\" src=\"https:\/\/cx1-conference.com\/de\/wp-content\/uploads\/sites\/2\/2022\/01\/cx1-gold-partner-logo-zenloop-01.svg\" class=\"attachment-full size-full\" alt=\"\" \/>            <\/a>\n                    <a href=\"https:\/\/www.dynamicyield.com\/de\/\" class=\"partner\">\n                <img decoding=\"async\" src=\"https:\/\/cx1-conference.com\/de\/wp-content\/uploads\/sites\/2\/2022\/02\/cx1-speaker-logo-dynamic-yield.svg\" class=\"attachment-full size-full\" alt=\"logo of dynamic yield\" \/>            <\/a>\n                    <a href=\"https:\/\/www.freshworks.com\/de\/\" class=\"partner\">\n                <img decoding=\"async\" src=\"https:\/\/cx1-conference.com\/de\/wp-content\/uploads\/sites\/2\/2022\/02\/cx1-diamond-partner-logo-freshworkss-1-01.svg\" class=\"attachment-full size-full\" alt=\"\" \/>            <\/a>\n                    <a href=\"https:\/\/www.findologic.com\/\" class=\"partner\">\n                <img loading=\"lazy\" decoding=\"async\" width=\"160\" height=\"80\" src=\"https:\/\/cx1-conference.com\/de\/wp-content\/uploads\/sites\/2\/2022\/03\/cx1-speaker-logo-findologic.svg\" class=\"attachment-full size-full\" alt=\"logo of findologic\" \/>            <\/a>\n                    <a href=\"https:\/\/www.esales4u.de\/\" class=\"partner\">\n                <img loading=\"lazy\" decoding=\"async\" width=\"160\" height=\"80\" src=\"https:\/\/cx1-conference.com\/de\/wp-content\/uploads\/sites\/2\/2022\/02\/cx1-partner-logo-esales4u.svg\" class=\"attachment-full size-full\" alt=\"logo of esales4u\" \/>            <\/a>\n                    <a href=\"https:\/\/bit.ly\/3OnSxIs\" class=\"partner\">\n                <img loading=\"lazy\" decoding=\"async\" width=\"320\" height=\"160\" src=\"https:\/\/cx1-conference.com\/de\/wp-content\/uploads\/sites\/2\/2022\/08\/cx1-media-partner-logo-parcelmonitor.jpg\" class=\"attachment-full size-full\" alt=\"logo of parcelmonitor\" srcset=\"https:\/\/cx1-conference.com\/de\/wp-content\/uploads\/sites\/2\/2022\/08\/cx1-media-partner-logo-parcelmonitor.jpg 320w, https:\/\/cx1-conference.com\/de\/wp-content\/uploads\/sites\/2\/2022\/08\/cx1-media-partner-logo-parcelmonitor-300x150.jpg 300w\" sizes=\"auto, (max-width: 320px) 100vw, 320px\" \/>            <\/a>\n                    <a href=\"https:\/\/www.bevh.org\/\" class=\"partner\">\n                <img loading=\"lazy\" decoding=\"async\" width=\"160\" height=\"80\" src=\"https:\/\/cx1-conference.com\/de\/wp-content\/uploads\/sites\/2\/2022\/02\/cx1-partner-logo-bevh.svg\" class=\"attachment-full size-full\" alt=\"\" \/>            <\/a>\n                <\/div>\n    <\/div>\n<\/section>\n\n<section         class=\"block-columns  no-margin no-padding\" style=\"background-image:url('');\" id=\"\"\n>\n\t\n\t<div class=\"container\">\n\t\t\t\t\t\t\t<div class=\"grid\" style=\"grid-template-columns:\trepeat( , 1fr)\"><\/div>\n\t<\/div>\n<\/section>\n\n<section         class=\"block-columns  no-margin padding-bottom\" style=\"background-image:url('');\" id=\"\"\n>\n\t\n\t<div class=\"container\">\n\t\t\t\t\t\t\t\t\t\t\t\t\t\t<div class=\"grid\" style=\"grid-template-columns:\trepeat( 1, 1fr)\">\n\t\t\t\t<div class=\"col \">\n\t\t\t\t\t<p style=\"text-align: center\"><a class=\"button\" href=\"https:\/\/cx1-conference.com\/de\/\">Mehr \u00fcber die CX1 CONFERENCE<\/a><span class=\"\" style=\"display:block;clear:both;height: 0px;padding-top: 20px;border-top-width:0px;border-bottom-width:0px;\"><\/span><br \/>\n<a class=\"button invert\" href=\"\/de\/kontakt\/\">Kontakt<\/a><\/p>\n\t\t\t\t<\/div>\n\t\t\t\n\t\t\t<\/div>\n\t<\/div>\n<\/section>","protected":false},"excerpt":{"rendered":"","protected":false},"author":16,"featured_media":0,"parent":0,"menu_order":0,"comment_status":"closed","ping_status":"closed","template":"","meta":{"_acf_changed":false,"inline_featured_image":false,"footnotes":""},"class_list":["post-2635","page","type-page","status-publish","hentry"],"acf":[],"yoast_head":"<!-- This site is optimized with the Yoast SEO plugin v27.5 - https:\/\/yoast.com\/product\/yoast-seo-wordpress\/ -->\n<title>CX1 Awards at the CX1 CONFERENCE<\/title>\n<meta name=\"description\" content=\"The CX1 Awards, as part of the CX1 CONFERENCE Digital, recognizes companies with an outstanding customer experience.\" \/>\n<meta name=\"robots\" content=\"index, follow, max-snippet:-1, max-image-preview:large, max-video-preview:-1\" \/>\n<link rel=\"canonical\" href=\"https:\/\/cx1-conference.com\/de\/awards-2022-trash\/\" \/>\n<meta property=\"og:locale\" content=\"en_US\" \/>\n<meta property=\"og:type\" content=\"article\" \/>\n<meta property=\"og:title\" content=\"CX1 Awards at the CX1 CONFERENCE\" \/>\n<meta property=\"og:description\" content=\"The CX1 Awards, as part of the CX1 CONFERENCE Digital, recognizes companies with an outstanding customer experience.\" \/>\n<meta property=\"og:url\" content=\"https:\/\/cx1-conference.com\/de\/awards-2022-trash\/\" \/>\n<meta property=\"og:site_name\" content=\"CX1 Konferenz Konferenzen\" \/>\n<meta property=\"article:modified_time\" content=\"2022-10-21T12:46:21+00:00\" \/>\n<meta name=\"twitter:card\" content=\"summary_large_image\" \/>\n<script type=\"application\/ld+json\" class=\"yoast-schema-graph\">{\"@context\":\"https:\\\/\\\/schema.org\",\"@graph\":[{\"@type\":\"WebPage\",\"@id\":\"https:\\\/\\\/cx1-conference.com\\\/de\\\/awards-2022-trash\\\/\",\"url\":\"https:\\\/\\\/cx1-conference.com\\\/de\\\/awards-2022-trash\\\/\",\"name\":\"CX1 Awards at the CX1 CONFERENCE\",\"isPartOf\":{\"@id\":\"https:\\\/\\\/cx1-conference.com\\\/de\\\/#website\"},\"datePublished\":\"2022-08-23T08:07:15+00:00\",\"dateModified\":\"2022-10-21T12:46:21+00:00\",\"description\":\"The CX1 Awards, as part of the CX1 CONFERENCE Digital, recognizes companies with an outstanding customer experience.\",\"breadcrumb\":{\"@id\":\"https:\\\/\\\/cx1-conference.com\\\/de\\\/awards-2022-trash\\\/#breadcrumb\"},\"inLanguage\":\"en-US\",\"potentialAction\":[{\"@type\":\"ReadAction\",\"target\":[\"https:\\\/\\\/cx1-conference.com\\\/de\\\/awards-2022-trash\\\/\"]}]},{\"@type\":\"BreadcrumbList\",\"@id\":\"https:\\\/\\\/cx1-conference.com\\\/de\\\/awards-2022-trash\\\/#breadcrumb\",\"itemListElement\":[{\"@type\":\"ListItem\",\"position\":1,\"name\":\"Home\",\"item\":\"https:\\\/\\\/cx1-conference.com\\\/de\\\/\"},{\"@type\":\"ListItem\",\"position\":2,\"name\":\"Awards 2022 trash\"}]},{\"@type\":\"WebSite\",\"@id\":\"https:\\\/\\\/cx1-conference.com\\\/de\\\/#website\",\"url\":\"https:\\\/\\\/cx1-conference.com\\\/de\\\/\",\"name\":\"CX1 Konferenz Konferenzen\",\"description\":\"Die gr\u00f6\u00dfte CX-Konferenz in Europa\",\"publisher\":{\"@id\":\"https:\\\/\\\/cx1-conference.com\\\/de\\\/#organization\"},\"potentialAction\":[{\"@type\":\"SearchAction\",\"target\":{\"@type\":\"EntryPoint\",\"urlTemplate\":\"https:\\\/\\\/cx1-conference.com\\\/de\\\/?s={search_term_string}\"},\"query-input\":{\"@type\":\"PropertyValueSpecification\",\"valueRequired\":true,\"valueName\":\"search_term_string\"}}],\"inLanguage\":\"en-US\"},{\"@type\":\"Organization\",\"@id\":\"https:\\\/\\\/cx1-conference.com\\\/de\\\/#organization\",\"name\":\"CX1\",\"url\":\"https:\\\/\\\/cx1-conference.com\\\/de\\\/\",\"logo\":{\"@type\":\"ImageObject\",\"inLanguage\":\"en-US\",\"@id\":\"https:\\\/\\\/cx1-conference.com\\\/de\\\/#\\\/schema\\\/logo\\\/image\\\/\",\"url\":\"https:\\\/\\\/cx1-conference.com\\\/de\\\/wp-content\\\/uploads\\\/sites\\\/2\\\/2022\\\/07\\\/CX1-Logo-Black-w-Gradient-RGB-1.png\",\"contentUrl\":\"https:\\\/\\\/cx1-conference.com\\\/de\\\/wp-content\\\/uploads\\\/sites\\\/2\\\/2022\\\/07\\\/CX1-Logo-Black-w-Gradient-RGB-1.png\",\"width\":783,\"height\":331,\"caption\":\"CX1\"},\"image\":{\"@id\":\"https:\\\/\\\/cx1-conference.com\\\/de\\\/#\\\/schema\\\/logo\\\/image\\\/\"}}]}<\/script>\n<!-- \/ Yoast SEO plugin. -->","yoast_head_json":{"title":"CX1 Awards at the CX1 CONFERENCE","description":"The CX1 Awards, as part of the CX1 CONFERENCE Digital, recognizes companies with an outstanding customer experience.","robots":{"index":"index","follow":"follow","max-snippet":"max-snippet:-1","max-image-preview":"max-image-preview:large","max-video-preview":"max-video-preview:-1"},"canonical":"https:\/\/cx1-conference.com\/de\/awards-2022-trash\/","og_locale":"en_US","og_type":"article","og_title":"CX1 Awards at the CX1 CONFERENCE","og_description":"The CX1 Awards, as part of the CX1 CONFERENCE Digital, recognizes companies with an outstanding customer experience.","og_url":"https:\/\/cx1-conference.com\/de\/awards-2022-trash\/","og_site_name":"CX1 Konferenz Konferenzen","article_modified_time":"2022-10-21T12:46:21+00:00","twitter_card":"summary_large_image","schema":{"@context":"https:\/\/schema.org","@graph":[{"@type":"WebPage","@id":"https:\/\/cx1-conference.com\/de\/awards-2022-trash\/","url":"https:\/\/cx1-conference.com\/de\/awards-2022-trash\/","name":"CX1 Awards at the CX1 CONFERENCE","isPartOf":{"@id":"https:\/\/cx1-conference.com\/de\/#website"},"datePublished":"2022-08-23T08:07:15+00:00","dateModified":"2022-10-21T12:46:21+00:00","description":"The CX1 Awards, as part of the CX1 CONFERENCE Digital, recognizes companies with an outstanding customer experience.","breadcrumb":{"@id":"https:\/\/cx1-conference.com\/de\/awards-2022-trash\/#breadcrumb"},"inLanguage":"en-US","potentialAction":[{"@type":"ReadAction","target":["https:\/\/cx1-conference.com\/de\/awards-2022-trash\/"]}]},{"@type":"BreadcrumbList","@id":"https:\/\/cx1-conference.com\/de\/awards-2022-trash\/#breadcrumb","itemListElement":[{"@type":"ListItem","position":1,"name":"Home","item":"https:\/\/cx1-conference.com\/de\/"},{"@type":"ListItem","position":2,"name":"Awards 2022 trash"}]},{"@type":"WebSite","@id":"https:\/\/cx1-conference.com\/de\/#website","url":"https:\/\/cx1-conference.com\/de\/","name":"CX1 Konferenz Konferenzen","description":"Die gr\u00f6\u00dfte CX-Konferenz in Europa","publisher":{"@id":"https:\/\/cx1-conference.com\/de\/#organization"},"potentialAction":[{"@type":"SearchAction","target":{"@type":"EntryPoint","urlTemplate":"https:\/\/cx1-conference.com\/de\/?s={search_term_string}"},"query-input":{"@type":"PropertyValueSpecification","valueRequired":true,"valueName":"search_term_string"}}],"inLanguage":"en-US"},{"@type":"Organization","@id":"https:\/\/cx1-conference.com\/de\/#organization","name":"CX1","url":"https:\/\/cx1-conference.com\/de\/","logo":{"@type":"ImageObject","inLanguage":"en-US","@id":"https:\/\/cx1-conference.com\/de\/#\/schema\/logo\/image\/","url":"https:\/\/cx1-conference.com\/de\/wp-content\/uploads\/sites\/2\/2022\/07\/CX1-Logo-Black-w-Gradient-RGB-1.png","contentUrl":"https:\/\/cx1-conference.com\/de\/wp-content\/uploads\/sites\/2\/2022\/07\/CX1-Logo-Black-w-Gradient-RGB-1.png","width":783,"height":331,"caption":"CX1"},"image":{"@id":"https:\/\/cx1-conference.com\/de\/#\/schema\/logo\/image\/"}}]}},"_links":{"self":[{"href":"https:\/\/cx1-conference.com\/de\/wp-json\/wp\/v2\/pages\/2635","targetHints":{"allow":["GET"]}}],"collection":[{"href":"https:\/\/cx1-conference.com\/de\/wp-json\/wp\/v2\/pages"}],"about":[{"href":"https:\/\/cx1-conference.com\/de\/wp-json\/wp\/v2\/types\/page"}],"author":[{"embeddable":true,"href":"https:\/\/cx1-conference.com\/de\/wp-json\/wp\/v2\/users\/16"}],"replies":[{"embeddable":true,"href":"https:\/\/cx1-conference.com\/de\/wp-json\/wp\/v2\/comments?post=2635"}],"version-history":[{"count":0,"href":"https:\/\/cx1-conference.com\/de\/wp-json\/wp\/v2\/pages\/2635\/revisions"}],"wp:attachment":[{"href":"https:\/\/cx1-conference.com\/de\/wp-json\/wp\/v2\/media?parent=2635"}],"curies":[{"name":"wp","href":"https:\/\/api.w.org\/{rel}","templated":true}]}}