


{"id":1389,"date":"2022-03-03T10:36:02","date_gmt":"2022-03-03T10:36:02","guid":{"rendered":"https:\/\/cx1-conference.com\/de\/?page_id=1389"},"modified":"2022-04-11T15:50:08","modified_gmt":"2022-04-11T15:50:08","slug":"jury","status":"publish","type":"page","link":"https:\/\/cx1-conference.com\/de\/jury\/","title":{"rendered":"Jury"},"content":{"rendered":"<section         class=\"block-columns  no-margin small-padding-top\" style=\"background-image:url('');\" id=\"\"\n>\n\t        <img decoding=\"async\" src=\"\/wp-content\/themes\/toast\/assets\/decorations\/dots-left.svg\" class=\"dots-left-decoration decoration\" style=\"top:px\">\n             <img decoding=\"async\" src=\"\/wp-content\/themes\/toast\/assets\/decorations\/arrow-right.svg\" class=\"arrow-right-decoration decoration\" style=\"top:px\">\n    \n\t<div class=\"container\">\n\t\t<h2 class=\"section-title\">DIE CX1 JURY<\/h2>\t\t\t\t\t\t\t\t\t\t\t\t<div class=\"grid\" style=\"grid-template-columns:\trepeat( 1, 1fr)\">\n\t\t\t\t<div class=\"col \">\n\t\t\t\t\t<p style=\"text-align: center\">Die <strong>CX1 Awards Jury<\/strong> ist Kernbestandteil der CX1 Leader Community, welches das f\u00fchrende Netzwerk f\u00fcr Customer Experience Management im deutschsprachigen Raum ist. Die Mitglieder der Jury &#8211; Expert:innen aus verschiedenen Bereichen, von Journalist:innen bis CEOs &#8211; nominieren und w\u00e4hlen j\u00e4hrlich die Gewinner:innen der CX1 Awards.<\/p>\n\t\t\t\t<\/div>\n\t\t\t\n\t\t\t<\/div>\n\t<\/div>\n<\/section>\n\n<link rel=\"stylesheet\" type=\"text\/css\" href=\"\/\/cdn.jsdelivr.net\/npm\/slick-carousel@1.8.1\/slick\/slick.css\"\/>\n<script type=\"text\/javascript\" src=\"\/\/cdn.jsdelivr.net\/npm\/slick-carousel@1.8.1\/slick\/slick.min.js\"><\/script>\n\n<section         class=\"block-jury  margin-top no-padding\" style=\"background-image:url('');\" id=\"\"\n>\n\t    <div class=\"container\">\n\t\t<div class=\"jury-members\">\n\t\t\t\t\t\t\t<div class=\"jury-member\">\n\t\t\t\t\t<div class=\"member-photo\">\n\t\t\t\t\t\t<img loading=\"lazy\" decoding=\"async\" width=\"510\" height=\"510\" src=\"https:\/\/cx1-conference.com\/de\/wp-content\/uploads\/sites\/2\/2022\/03\/cx1-award-jury-verena-gruendel.jpeg\" class=\"attachment-full size-full\" alt=\"\" srcset=\"https:\/\/cx1-conference.com\/de\/wp-content\/uploads\/sites\/2\/2022\/03\/cx1-award-jury-verena-gruendel.jpeg 510w, https:\/\/cx1-conference.com\/de\/wp-content\/uploads\/sites\/2\/2022\/03\/cx1-award-jury-verena-gruendel-300x300.jpeg 300w, https:\/\/cx1-conference.com\/de\/wp-content\/uploads\/sites\/2\/2022\/03\/cx1-award-jury-verena-gruendel-150x150.jpeg 150w\" sizes=\"auto, (max-width: 510px) 100vw, 510px\" \/>\t\t\t\t\t\t<div class=\"overlay\">\n\t\t\t\t\t\t\t<div class=\"overlay-text\">\n\t\t\t\t\t\t\t\t<p>Verena Gr\u00fcndel ist Chefredakteurin der W&amp;V, wo sie gemeinsam mit ihrem Team den Wandel der Traditionsmarke in die Zukunft des Journalismus antreibt.<\/p>\n\t\t\t\t\t\t\t<\/div>\n\t\t\t\t\t\t<\/div>\n\t\t\t\t\t<\/div>\n\t\t\t\t\t<h4>Verena Gr\u00fcndel<\/h4>\n\t\t\t\t\t<div class=\"company\">W&amp;V<\/div>\n\t\t\t\t<\/div>\n\t\t\t\t\t\t\t<div class=\"jury-member\">\n\t\t\t\t\t<div class=\"member-photo\">\n\t\t\t\t\t\t<img loading=\"lazy\" decoding=\"async\" width=\"510\" height=\"510\" src=\"https:\/\/cx1-conference.com\/de\/wp-content\/uploads\/sites\/2\/2022\/03\/cx1-award-jury-christiane-manow-le-ruyet.jpeg\" class=\"attachment-full size-full\" alt=\"\" srcset=\"https:\/\/cx1-conference.com\/de\/wp-content\/uploads\/sites\/2\/2022\/03\/cx1-award-jury-christiane-manow-le-ruyet.jpeg 510w, https:\/\/cx1-conference.com\/de\/wp-content\/uploads\/sites\/2\/2022\/03\/cx1-award-jury-christiane-manow-le-ruyet-300x300.jpeg 300w, https:\/\/cx1-conference.com\/de\/wp-content\/uploads\/sites\/2\/2022\/03\/cx1-award-jury-christiane-manow-le-ruyet-150x150.jpeg 150w\" sizes=\"auto, (max-width: 510px) 100vw, 510px\" \/>\t\t\t\t\t\t<div class=\"overlay\">\n\t\t\t\t\t\t\t<div class=\"overlay-text\">\n\t\t\t\t\t\t\t\t<p>Seit 2018 verantwortet Christiane Manow-Le Ruyet das e-commerce magazin als Chefredakteurin. Dabei liegt ihr das Thema Nachhaltigkeit besonders am Herzen.<\/p>\n\t\t\t\t\t\t\t<\/div>\n\t\t\t\t\t\t<\/div>\n\t\t\t\t\t<\/div>\n\t\t\t\t\t<h4>Christiane Manow-Le Ruyet<\/h4>\n\t\t\t\t\t<div class=\"company\">e-commerce magazin<\/div>\n\t\t\t\t<\/div>\n\t\t\t\t\t\t\t<div class=\"jury-member\">\n\t\t\t\t\t<div class=\"member-photo\">\n\t\t\t\t\t\t<img loading=\"lazy\" decoding=\"async\" width=\"510\" height=\"510\" src=\"https:\/\/cx1-conference.com\/de\/wp-content\/uploads\/sites\/2\/2022\/03\/cx1-award-jury-susanne-gillner.jpeg\" class=\"attachment-full size-full\" alt=\"\" srcset=\"https:\/\/cx1-conference.com\/de\/wp-content\/uploads\/sites\/2\/2022\/03\/cx1-award-jury-susanne-gillner.jpeg 510w, https:\/\/cx1-conference.com\/de\/wp-content\/uploads\/sites\/2\/2022\/03\/cx1-award-jury-susanne-gillner-300x300.jpeg 300w, https:\/\/cx1-conference.com\/de\/wp-content\/uploads\/sites\/2\/2022\/03\/cx1-award-jury-susanne-gillner-150x150.jpeg 150w\" sizes=\"auto, (max-width: 510px) 100vw, 510px\" \/>\t\t\t\t\t\t<div class=\"overlay\">\n\t\t\t\t\t\t\t<div class=\"overlay-text\">\n\t\t\t\t\t\t\t\t<p>Susanne Gillner ist Chefredakteurin bei INTERNET WORLD &#8211; der f\u00fchrenden Informations- und Fortbildungsplattform f\u00fcr den digitalen Handel und begleitet die Digitalbranche seit \u00fcber zehn Jahren.<\/p>\n\t\t\t\t\t\t\t<\/div>\n\t\t\t\t\t\t<\/div>\n\t\t\t\t\t<\/div>\n\t\t\t\t\t<h4>Susanne Gillner<\/h4>\n\t\t\t\t\t<div class=\"company\">INTERNET WORLD<\/div>\n\t\t\t\t<\/div>\n\t\t\t\t\t\t\t<div class=\"jury-member\">\n\t\t\t\t\t<div class=\"member-photo\">\n\t\t\t\t\t\t<img loading=\"lazy\" decoding=\"async\" width=\"510\" height=\"510\" src=\"https:\/\/cx1-conference.com\/de\/wp-content\/uploads\/sites\/2\/2022\/03\/cx1-award-jury-dr-leif-goeritz.jpeg\" class=\"attachment-full size-full\" alt=\"\" srcset=\"https:\/\/cx1-conference.com\/de\/wp-content\/uploads\/sites\/2\/2022\/03\/cx1-award-jury-dr-leif-goeritz.jpeg 510w, https:\/\/cx1-conference.com\/de\/wp-content\/uploads\/sites\/2\/2022\/03\/cx1-award-jury-dr-leif-goeritz-300x300.jpeg 300w, https:\/\/cx1-conference.com\/de\/wp-content\/uploads\/sites\/2\/2022\/03\/cx1-award-jury-dr-leif-goeritz-150x150.jpeg 150w\" sizes=\"auto, (max-width: 510px) 100vw, 510px\" \/>\t\t\t\t\t\t<div class=\"overlay\">\n\t\t\t\t\t\t\t<div class=\"overlay-text\">\n\t\t\t\t\t\t\t\t<p>Dr. Leif G\u00f6ritz ist Gesellschafter und Vorsitzender des Aufsichtsrates bei Thalia.<\/p>\n\t\t\t\t\t\t\t<\/div>\n\t\t\t\t\t\t<\/div>\n\t\t\t\t\t<\/div>\n\t\t\t\t\t<h4>Dr. Leif G\u00f6ritz<\/h4>\n\t\t\t\t\t<div class=\"company\">Thalia<\/div>\n\t\t\t\t<\/div>\n\t\t\t\t\t\t\t<div class=\"jury-member\">\n\t\t\t\t\t<div class=\"member-photo\">\n\t\t\t\t\t\t<img loading=\"lazy\" decoding=\"async\" width=\"510\" height=\"510\" src=\"https:\/\/cx1-conference.com\/de\/wp-content\/uploads\/sites\/2\/2022\/03\/cx1-award-jury-andreas-assum.jpeg\" class=\"attachment-full size-full\" alt=\"\" srcset=\"https:\/\/cx1-conference.com\/de\/wp-content\/uploads\/sites\/2\/2022\/03\/cx1-award-jury-andreas-assum.jpeg 510w, https:\/\/cx1-conference.com\/de\/wp-content\/uploads\/sites\/2\/2022\/03\/cx1-award-jury-andreas-assum-300x300.jpeg 300w, https:\/\/cx1-conference.com\/de\/wp-content\/uploads\/sites\/2\/2022\/03\/cx1-award-jury-andreas-assum-150x150.jpeg 150w\" sizes=\"auto, (max-width: 510px) 100vw, 510px\" \/>\t\t\t\t\t\t<div class=\"overlay\">\n\t\t\t\t\t\t\t<div class=\"overlay-text\">\n\t\t\t\t\t\t\t\t<p>Andreas hilft als Managing Partner von MAX Ventures digitale Champions zu bauen. Dort bringt er 20 Jahre Managementerfahrung aus f\u00fchrenden Unternehmen der Digitalwirtschaft ein vom Start-up bis zum Corporate.<\/p>\n\t\t\t\t\t\t\t<\/div>\n\t\t\t\t\t\t<\/div>\n\t\t\t\t\t<\/div>\n\t\t\t\t\t<h4>Andreas Assum<\/h4>\n\t\t\t\t\t<div class=\"company\">MAX Ventures<\/div>\n\t\t\t\t<\/div>\n\t\t\t\t\t\t\t<div class=\"jury-member\">\n\t\t\t\t\t<div class=\"member-photo\">\n\t\t\t\t\t\t<img loading=\"lazy\" decoding=\"async\" width=\"510\" height=\"510\" src=\"https:\/\/cx1-conference.com\/de\/wp-content\/uploads\/sites\/2\/2022\/03\/cx1-award-jury-janine-strenge.jpeg\" class=\"attachment-full size-full\" alt=\"\" srcset=\"https:\/\/cx1-conference.com\/de\/wp-content\/uploads\/sites\/2\/2022\/03\/cx1-award-jury-janine-strenge.jpeg 510w, https:\/\/cx1-conference.com\/de\/wp-content\/uploads\/sites\/2\/2022\/03\/cx1-award-jury-janine-strenge-300x300.jpeg 300w, https:\/\/cx1-conference.com\/de\/wp-content\/uploads\/sites\/2\/2022\/03\/cx1-award-jury-janine-strenge-150x150.jpeg 150w\" sizes=\"auto, (max-width: 510px) 100vw, 510px\" \/>\t\t\t\t\t\t<div class=\"overlay\">\n\t\t\t\t\t\t\t<div class=\"overlay-text\">\n\t\t\t\t\t\t\t\t<p>Mit fast 15 Jahren Erfahrung im eCommerce leitet Janine den Bereich CRM bei idealo. Sie bringt relevante Kommunikation zu \u00fcber 11 Mio. Kunden, indem sie vier verschiedene Kan\u00e4le nutzt.<\/p>\n\t\t\t\t\t\t\t<\/div>\n\t\t\t\t\t\t<\/div>\n\t\t\t\t\t<\/div>\n\t\t\t\t\t<h4>Janine Strenge<\/h4>\n\t\t\t\t\t<div class=\"company\">Idealo<\/div>\n\t\t\t\t<\/div>\n\t\t\t\t\t\t\t<div class=\"jury-member\">\n\t\t\t\t\t<div class=\"member-photo\">\n\t\t\t\t\t\t<img loading=\"lazy\" decoding=\"async\" width=\"510\" height=\"510\" src=\"https:\/\/cx1-conference.com\/de\/wp-content\/uploads\/sites\/2\/2022\/03\/cx1-award-jury-melanie-kleemann.jpeg\" class=\"attachment-full size-full\" alt=\"\" srcset=\"https:\/\/cx1-conference.com\/de\/wp-content\/uploads\/sites\/2\/2022\/03\/cx1-award-jury-melanie-kleemann.jpeg 510w, https:\/\/cx1-conference.com\/de\/wp-content\/uploads\/sites\/2\/2022\/03\/cx1-award-jury-melanie-kleemann-300x300.jpeg 300w, https:\/\/cx1-conference.com\/de\/wp-content\/uploads\/sites\/2\/2022\/03\/cx1-award-jury-melanie-kleemann-150x150.jpeg 150w\" sizes=\"auto, (max-width: 510px) 100vw, 510px\" \/>\t\t\t\t\t\t<div class=\"overlay\">\n\t\t\t\t\t\t\t<div class=\"overlay-text\">\n\t\t\t\t\t\t\t\t<p>C-Level Executive sowie CX Maker, Speaker und Mentor mit mehr als 25 Jahren Retailerfahrung &#8211; national und international<\/p>\n\t\t\t\t\t\t\t<\/div>\n\t\t\t\t\t\t<\/div>\n\t\t\t\t\t<\/div>\n\t\t\t\t\t<h4>Melanie Kleemann<\/h4>\n\t\t\t\t\t<div class=\"company\">Vorwerk Group<\/div>\n\t\t\t\t<\/div>\n\t\t\t\t\t\t\t<div class=\"jury-member\">\n\t\t\t\t\t<div class=\"member-photo\">\n\t\t\t\t\t\t<img loading=\"lazy\" decoding=\"async\" width=\"510\" height=\"510\" src=\"https:\/\/cx1-conference.com\/de\/wp-content\/uploads\/sites\/2\/2022\/03\/cx1-award-jury-anika-tannebaum.jpeg\" class=\"attachment-full size-full\" alt=\"\" srcset=\"https:\/\/cx1-conference.com\/de\/wp-content\/uploads\/sites\/2\/2022\/03\/cx1-award-jury-anika-tannebaum.jpeg 510w, https:\/\/cx1-conference.com\/de\/wp-content\/uploads\/sites\/2\/2022\/03\/cx1-award-jury-anika-tannebaum-300x300.jpeg 300w, https:\/\/cx1-conference.com\/de\/wp-content\/uploads\/sites\/2\/2022\/03\/cx1-award-jury-anika-tannebaum-150x150.jpeg 150w\" sizes=\"auto, (max-width: 510px) 100vw, 510px\" \/>\t\t\t\t\t\t<div class=\"overlay\">\n\t\t\t\t\t\t\t<div class=\"overlay-text\">\n\t\t\t\t\t\t\t\t<p>Anika geh\u00f6rt zu den f\u00fchrenden Experten im Bereich Customer Service &amp; Leadership. \u201eCustomer Centricity is key to success\u201c<\/p>\n\t\t\t\t\t\t\t<\/div>\n\t\t\t\t\t\t<\/div>\n\t\t\t\t\t<\/div>\n\t\t\t\t\t<h4>Anika Tannebaum<\/h4>\n\t\t\t\t\t<div class=\"company\">GROW! Customer Service &amp; Leadership Consulting<\/div>\n\t\t\t\t<\/div>\n\t\t\t\t\t\t\t<div class=\"jury-member\">\n\t\t\t\t\t<div class=\"member-photo\">\n\t\t\t\t\t\t<img loading=\"lazy\" decoding=\"async\" width=\"510\" height=\"510\" src=\"https:\/\/cx1-conference.com\/de\/wp-content\/uploads\/sites\/2\/2022\/03\/cx1-award-jury-christian-mueller.jpeg\" class=\"attachment-full size-full\" alt=\"\" srcset=\"https:\/\/cx1-conference.com\/de\/wp-content\/uploads\/sites\/2\/2022\/03\/cx1-award-jury-christian-mueller.jpeg 510w, https:\/\/cx1-conference.com\/de\/wp-content\/uploads\/sites\/2\/2022\/03\/cx1-award-jury-christian-mueller-300x300.jpeg 300w, https:\/\/cx1-conference.com\/de\/wp-content\/uploads\/sites\/2\/2022\/03\/cx1-award-jury-christian-mueller-150x150.jpeg 150w\" sizes=\"auto, (max-width: 510px) 100vw, 510px\" \/>\t\t\t\t\t\t<div class=\"overlay\">\n\t\t\t\t\t\t\t<div class=\"overlay-text\">\n\t\t\t\t\t\t\t\t<p>Christian M\u00fcller ist Co-Gr\u00fcnder von OMR und dort aktuell mit dem Aufbau der Software-Bewertungsplattform OMR Reviews besch\u00e4ftigt.<\/p>\n\t\t\t\t\t\t\t<\/div>\n\t\t\t\t\t\t<\/div>\n\t\t\t\t\t<\/div>\n\t\t\t\t\t<h4>Christian M\u00fcller<\/h4>\n\t\t\t\t\t<div class=\"company\">OMR<\/div>\n\t\t\t\t<\/div>\n\t\t\t\t\t\t\t<div class=\"jury-member\">\n\t\t\t\t\t<div class=\"member-photo\">\n\t\t\t\t\t\t<img loading=\"lazy\" decoding=\"async\" width=\"510\" height=\"510\" src=\"https:\/\/cx1-conference.com\/de\/wp-content\/uploads\/sites\/2\/2022\/03\/cx1-award-jury-stefan-kolle-1.jpeg\" class=\"attachment-full size-full\" alt=\"\" srcset=\"https:\/\/cx1-conference.com\/de\/wp-content\/uploads\/sites\/2\/2022\/03\/cx1-award-jury-stefan-kolle-1.jpeg 510w, https:\/\/cx1-conference.com\/de\/wp-content\/uploads\/sites\/2\/2022\/03\/cx1-award-jury-stefan-kolle-1-300x300.jpeg 300w, https:\/\/cx1-conference.com\/de\/wp-content\/uploads\/sites\/2\/2022\/03\/cx1-award-jury-stefan-kolle-1-150x150.jpeg 150w\" sizes=\"auto, (max-width: 510px) 100vw, 510px\" \/>\t\t\t\t\t\t<div class=\"overlay\">\n\t\t\t\t\t\t\t<div class=\"overlay-text\">\n\t\t\t\t\t\t\t\t<p>Stefan Kolle ist seit 2004 Gr\u00fcnder der Futurelab Beratung f\u00fcr Customer Centricity, und Kundenstratege, CX Spezialist, Kundenstimme-Zuh\u00f6rer, NPS-Praktiker und Kunden-Innovator, im B2C und B2B<\/p>\n\t\t\t\t\t\t\t<\/div>\n\t\t\t\t\t\t<\/div>\n\t\t\t\t\t<\/div>\n\t\t\t\t\t<h4>Stefan Kolle<\/h4>\n\t\t\t\t\t<div class=\"company\">Futurelab<\/div>\n\t\t\t\t<\/div>\n\t\t\t\t\t\t\t<div class=\"jury-member\">\n\t\t\t\t\t<div class=\"member-photo\">\n\t\t\t\t\t\t<img loading=\"lazy\" decoding=\"async\" width=\"510\" height=\"510\" src=\"https:\/\/cx1-conference.com\/de\/wp-content\/uploads\/sites\/2\/2022\/03\/cx1-award-jury-dr-kai-hudetz.jpeg\" class=\"attachment-full size-full\" alt=\"\" srcset=\"https:\/\/cx1-conference.com\/de\/wp-content\/uploads\/sites\/2\/2022\/03\/cx1-award-jury-dr-kai-hudetz.jpeg 510w, https:\/\/cx1-conference.com\/de\/wp-content\/uploads\/sites\/2\/2022\/03\/cx1-award-jury-dr-kai-hudetz-300x300.jpeg 300w, https:\/\/cx1-conference.com\/de\/wp-content\/uploads\/sites\/2\/2022\/03\/cx1-award-jury-dr-kai-hudetz-150x150.jpeg 150w\" sizes=\"auto, (max-width: 510px) 100vw, 510px\" \/>\t\t\t\t\t\t<div class=\"overlay\">\n\t\t\t\t\t\t\t<div class=\"overlay-text\">\n\t\t\t\t\t\t\t\t<p>Kai ist seit 2009 Gesch\u00e4ftsf\u00fchrer des IFH K\u00d6LN und E-Commerce-Experte der ersten Stunde. Bereits 1999 hat er das ECC K\u00d6LN gegr\u00fcndet und seither unz\u00e4hlige Unternehmen beraten.<\/p>\n\t\t\t\t\t\t\t<\/div>\n\t\t\t\t\t\t<\/div>\n\t\t\t\t\t<\/div>\n\t\t\t\t\t<h4>Dr. Kai Hudetz<\/h4>\n\t\t\t\t\t<div class=\"company\">IFH K\u00f6ln GmbH<\/div>\n\t\t\t\t<\/div>\n\t\t\t\t\t\t\t<div class=\"jury-member\">\n\t\t\t\t\t<div class=\"member-photo\">\n\t\t\t\t\t\t<img loading=\"lazy\" decoding=\"async\" width=\"510\" height=\"510\" src=\"https:\/\/cx1-conference.com\/de\/wp-content\/uploads\/sites\/2\/2022\/03\/cx1-award-jury-michael-gehrling.jpeg\" class=\"attachment-full size-full\" alt=\"\" srcset=\"https:\/\/cx1-conference.com\/de\/wp-content\/uploads\/sites\/2\/2022\/03\/cx1-award-jury-michael-gehrling.jpeg 510w, https:\/\/cx1-conference.com\/de\/wp-content\/uploads\/sites\/2\/2022\/03\/cx1-award-jury-michael-gehrling-300x300.jpeg 300w, https:\/\/cx1-conference.com\/de\/wp-content\/uploads\/sites\/2\/2022\/03\/cx1-award-jury-michael-gehrling-150x150.jpeg 150w\" sizes=\"auto, (max-width: 510px) 100vw, 510px\" \/>\t\t\t\t\t\t<div class=\"overlay\">\n\t\t\t\t\t\t\t<div class=\"overlay-text\">\n\t\t\t\t\t\t\t\t\t\t\t\t\t\t\t<\/div>\n\t\t\t\t\t\t<\/div>\n\t\t\t\t\t<\/div>\n\t\t\t\t\t<h4>Michael Gerling<\/h4>\n\t\t\t\t\t<div class=\"company\">EHI Retail Institute<\/div>\n\t\t\t\t<\/div>\n\t\t\t\t\t\t\t<div class=\"jury-member\">\n\t\t\t\t\t<div class=\"member-photo\">\n\t\t\t\t\t\t<img loading=\"lazy\" decoding=\"async\" width=\"510\" height=\"510\" src=\"https:\/\/cx1-conference.com\/de\/wp-content\/uploads\/sites\/2\/2022\/03\/cx1-award-jury-prof-christian-stummeyer.jpeg\" class=\"attachment-full size-full\" alt=\"\" srcset=\"https:\/\/cx1-conference.com\/de\/wp-content\/uploads\/sites\/2\/2022\/03\/cx1-award-jury-prof-christian-stummeyer.jpeg 510w, https:\/\/cx1-conference.com\/de\/wp-content\/uploads\/sites\/2\/2022\/03\/cx1-award-jury-prof-christian-stummeyer-300x300.jpeg 300w, https:\/\/cx1-conference.com\/de\/wp-content\/uploads\/sites\/2\/2022\/03\/cx1-award-jury-prof-christian-stummeyer-150x150.jpeg 150w\" sizes=\"auto, (max-width: 510px) 100vw, 510px\" \/>\t\t\t\t\t\t<div class=\"overlay\">\n\t\t\t\t\t\t\t<div class=\"overlay-text\">\n\t\t\t\t\t\t\t\t<p>Prof. Dr. Christian Stummeyer ist Inhaber der Professur Digital Commerce an der TH Ingolstadt und Ff\u00fchrender deutscher Digitalexperte und &#8211; stratege.<\/p>\n\t\t\t\t\t\t\t<\/div>\n\t\t\t\t\t\t<\/div>\n\t\t\t\t\t<\/div>\n\t\t\t\t\t<h4>Prof. Dr. Christian Stummeyer<\/h4>\n\t\t\t\t\t<div class=\"company\">THI<\/div>\n\t\t\t\t<\/div>\n\t\t\t\t\t\t\t<div class=\"jury-member\">\n\t\t\t\t\t<div class=\"member-photo\">\n\t\t\t\t\t\t<img loading=\"lazy\" decoding=\"async\" width=\"510\" height=\"510\" src=\"https:\/\/cx1-conference.com\/de\/wp-content\/uploads\/sites\/2\/2022\/03\/cx1-award-jury-maraike-schulz.jpeg\" class=\"attachment-full size-full\" alt=\"\" srcset=\"https:\/\/cx1-conference.com\/de\/wp-content\/uploads\/sites\/2\/2022\/03\/cx1-award-jury-maraike-schulz.jpeg 510w, https:\/\/cx1-conference.com\/de\/wp-content\/uploads\/sites\/2\/2022\/03\/cx1-award-jury-maraike-schulz-300x300.jpeg 300w, https:\/\/cx1-conference.com\/de\/wp-content\/uploads\/sites\/2\/2022\/03\/cx1-award-jury-maraike-schulz-150x150.jpeg 150w\" sizes=\"auto, (max-width: 510px) 100vw, 510px\" \/>\t\t\t\t\t\t<div class=\"overlay\">\n\t\t\t\t\t\t\t<div class=\"overlay-text\">\n\t\t\t\t\t\t\t\t<p>Maraike Schulz ist seit 2015 Director CRM bei Sixt SE und arbeitet mit ihrem Team auf internationaler Ebene an der Konzeption von Marketing Kampagnen zur Kundenbindung und Optimierung bestehender Ma\u00dfnahmen.<\/p>\n\t\t\t\t\t\t\t<\/div>\n\t\t\t\t\t\t<\/div>\n\t\t\t\t\t<\/div>\n\t\t\t\t\t<h4>Maraike Schulz<\/h4>\n\t\t\t\t\t<div class=\"company\">Maraike Schulz<\/div>\n\t\t\t\t<\/div>\n\t\t\t\t\t<\/div>\n\t<\/div>\n<\/section>\n\n<section         class=\"block-columns  no-margin padding-top\" style=\"background-image:url('');\" id=\"\"\n>\n\t\n\t<div class=\"container\">\n\t\t<h2 class=\"section-title\">WERDE TEIL DES CX1 NETWORKS<\/h2>\t\t\t\t\t\t\t\t\t\t\t\t<div class=\"grid\" style=\"grid-template-columns:\trepeat( 1, 1fr)\">\n\t\t\t\t<div class=\"col \">\n\t\t\t\t\t<p style=\"text-align: center\">Bist du CX Expert:in oder Customer Retention Enthusiast? M\u00f6chtest du deinen Teil zur f\u00fchrenden Customer Experience Konferenz im deutschsprachigen Raum beitragen? Dann werde Teil unserer CX1 Community und profitiere von unserem Netzwerk.<\/p>\n\t\t\t\t<\/div>\n\t\t\t\n\t\t\t<\/div>\n\t<\/div>\n<\/section>\n\n<section         class=\"block-columns align-center small-padding-top no-margin padding-bottom\" style=\"background-image:url('');\" id=\"\"\n>\n\t\n\t<div class=\"container\">\n\t\t\t\t\t\t\t\t\t\t\t\t\t\t<div class=\"grid\" style=\"grid-template-columns:\trepeat( 1, 1fr)\">\n\t\t\t\t<div class=\"col \">\n\t\t\t\t\t<p><a class=\"button invert\" href=\"\/de\/kontakt\">Partner werden<\/a><a class=\"button invert\" href=\"#contact\">Newsletter abonnieren<\/a><\/p>\n\t\t\t\t<\/div>\n\t\t\t\n\t\t\t<\/div>\n\t<\/div>\n<\/section>","protected":false},"excerpt":{"rendered":"","protected":false},"author":16,"featured_media":0,"parent":0,"menu_order":0,"comment_status":"closed","ping_status":"closed","template":"","meta":{"_acf_changed":false,"inline_featured_image":false,"footnotes":""},"class_list":["post-1389","page","type-page","status-publish","hentry"],"acf":[],"yoast_head":"<!-- This site is optimized with the Yoast SEO plugin v27.4 - https:\/\/yoast.com\/product\/yoast-seo-wordpress\/ -->\n<title>Jury - CX1 Konferenz Konferenzen<\/title>\n<meta name=\"robots\" content=\"index, follow, max-snippet:-1, max-image-preview:large, max-video-preview:-1\" \/>\n<link rel=\"canonical\" href=\"https:\/\/cx1-conference.com\/de\/jury\/\" \/>\n<meta property=\"og:locale\" content=\"en_US\" \/>\n<meta property=\"og:type\" content=\"article\" \/>\n<meta property=\"og:title\" content=\"Jury - CX1 Konferenz Konferenzen\" \/>\n<meta property=\"og:url\" content=\"https:\/\/cx1-conference.com\/de\/jury\/\" \/>\n<meta property=\"og:site_name\" content=\"CX1 Konferenz Konferenzen\" \/>\n<meta property=\"article:modified_time\" content=\"2022-04-11T15:50:08+00:00\" \/>\n<meta name=\"twitter:card\" content=\"summary_large_image\" \/>\n<script type=\"application\/ld+json\" class=\"yoast-schema-graph\">{\"@context\":\"https:\\\/\\\/schema.org\",\"@graph\":[{\"@type\":\"WebPage\",\"@id\":\"https:\\\/\\\/cx1-conference.com\\\/de\\\/jury\\\/\",\"url\":\"https:\\\/\\\/cx1-conference.com\\\/de\\\/jury\\\/\",\"name\":\"Jury - CX1 Konferenz Konferenzen\",\"isPartOf\":{\"@id\":\"https:\\\/\\\/cx1-conference.com\\\/de\\\/#website\"},\"datePublished\":\"2022-03-03T10:36:02+00:00\",\"dateModified\":\"2022-04-11T15:50:08+00:00\",\"breadcrumb\":{\"@id\":\"https:\\\/\\\/cx1-conference.com\\\/de\\\/jury\\\/#breadcrumb\"},\"inLanguage\":\"en-US\",\"potentialAction\":[{\"@type\":\"ReadAction\",\"target\":[\"https:\\\/\\\/cx1-conference.com\\\/de\\\/jury\\\/\"]}]},{\"@type\":\"BreadcrumbList\",\"@id\":\"https:\\\/\\\/cx1-conference.com\\\/de\\\/jury\\\/#breadcrumb\",\"itemListElement\":[{\"@type\":\"ListItem\",\"position\":1,\"name\":\"Home\",\"item\":\"https:\\\/\\\/cx1-conference.com\\\/de\\\/\"},{\"@type\":\"ListItem\",\"position\":2,\"name\":\"Jury\"}]},{\"@type\":\"WebSite\",\"@id\":\"https:\\\/\\\/cx1-conference.com\\\/de\\\/#website\",\"url\":\"https:\\\/\\\/cx1-conference.com\\\/de\\\/\",\"name\":\"CX1 Konferenz Konferenzen\",\"description\":\"Die gr\u00f6\u00dfte CX-Konferenz in Europa\",\"publisher\":{\"@id\":\"https:\\\/\\\/cx1-conference.com\\\/de\\\/#organization\"},\"potentialAction\":[{\"@type\":\"SearchAction\",\"target\":{\"@type\":\"EntryPoint\",\"urlTemplate\":\"https:\\\/\\\/cx1-conference.com\\\/de\\\/?s={search_term_string}\"},\"query-input\":{\"@type\":\"PropertyValueSpecification\",\"valueRequired\":true,\"valueName\":\"search_term_string\"}}],\"inLanguage\":\"en-US\"},{\"@type\":\"Organization\",\"@id\":\"https:\\\/\\\/cx1-conference.com\\\/de\\\/#organization\",\"name\":\"CX1\",\"url\":\"https:\\\/\\\/cx1-conference.com\\\/de\\\/\",\"logo\":{\"@type\":\"ImageObject\",\"inLanguage\":\"en-US\",\"@id\":\"https:\\\/\\\/cx1-conference.com\\\/de\\\/#\\\/schema\\\/logo\\\/image\\\/\",\"url\":\"https:\\\/\\\/cx1-conference.com\\\/de\\\/wp-content\\\/uploads\\\/sites\\\/2\\\/2022\\\/07\\\/CX1-Logo-Black-w-Gradient-RGB-1.png\",\"contentUrl\":\"https:\\\/\\\/cx1-conference.com\\\/de\\\/wp-content\\\/uploads\\\/sites\\\/2\\\/2022\\\/07\\\/CX1-Logo-Black-w-Gradient-RGB-1.png\",\"width\":783,\"height\":331,\"caption\":\"CX1\"},\"image\":{\"@id\":\"https:\\\/\\\/cx1-conference.com\\\/de\\\/#\\\/schema\\\/logo\\\/image\\\/\"}}]}<\/script>\n<!-- \/ Yoast SEO plugin. -->","yoast_head_json":{"title":"Jury - CX1 Konferenz Konferenzen","robots":{"index":"index","follow":"follow","max-snippet":"max-snippet:-1","max-image-preview":"max-image-preview:large","max-video-preview":"max-video-preview:-1"},"canonical":"https:\/\/cx1-conference.com\/de\/jury\/","og_locale":"en_US","og_type":"article","og_title":"Jury - CX1 Konferenz Konferenzen","og_url":"https:\/\/cx1-conference.com\/de\/jury\/","og_site_name":"CX1 Konferenz Konferenzen","article_modified_time":"2022-04-11T15:50:08+00:00","twitter_card":"summary_large_image","schema":{"@context":"https:\/\/schema.org","@graph":[{"@type":"WebPage","@id":"https:\/\/cx1-conference.com\/de\/jury\/","url":"https:\/\/cx1-conference.com\/de\/jury\/","name":"Jury - CX1 Konferenz Konferenzen","isPartOf":{"@id":"https:\/\/cx1-conference.com\/de\/#website"},"datePublished":"2022-03-03T10:36:02+00:00","dateModified":"2022-04-11T15:50:08+00:00","breadcrumb":{"@id":"https:\/\/cx1-conference.com\/de\/jury\/#breadcrumb"},"inLanguage":"en-US","potentialAction":[{"@type":"ReadAction","target":["https:\/\/cx1-conference.com\/de\/jury\/"]}]},{"@type":"BreadcrumbList","@id":"https:\/\/cx1-conference.com\/de\/jury\/#breadcrumb","itemListElement":[{"@type":"ListItem","position":1,"name":"Home","item":"https:\/\/cx1-conference.com\/de\/"},{"@type":"ListItem","position":2,"name":"Jury"}]},{"@type":"WebSite","@id":"https:\/\/cx1-conference.com\/de\/#website","url":"https:\/\/cx1-conference.com\/de\/","name":"CX1 Konferenz Konferenzen","description":"Die gr\u00f6\u00dfte CX-Konferenz in Europa","publisher":{"@id":"https:\/\/cx1-conference.com\/de\/#organization"},"potentialAction":[{"@type":"SearchAction","target":{"@type":"EntryPoint","urlTemplate":"https:\/\/cx1-conference.com\/de\/?s={search_term_string}"},"query-input":{"@type":"PropertyValueSpecification","valueRequired":true,"valueName":"search_term_string"}}],"inLanguage":"en-US"},{"@type":"Organization","@id":"https:\/\/cx1-conference.com\/de\/#organization","name":"CX1","url":"https:\/\/cx1-conference.com\/de\/","logo":{"@type":"ImageObject","inLanguage":"en-US","@id":"https:\/\/cx1-conference.com\/de\/#\/schema\/logo\/image\/","url":"https:\/\/cx1-conference.com\/de\/wp-content\/uploads\/sites\/2\/2022\/07\/CX1-Logo-Black-w-Gradient-RGB-1.png","contentUrl":"https:\/\/cx1-conference.com\/de\/wp-content\/uploads\/sites\/2\/2022\/07\/CX1-Logo-Black-w-Gradient-RGB-1.png","width":783,"height":331,"caption":"CX1"},"image":{"@id":"https:\/\/cx1-conference.com\/de\/#\/schema\/logo\/image\/"}}]}},"_links":{"self":[{"href":"https:\/\/cx1-conference.com\/de\/wp-json\/wp\/v2\/pages\/1389","targetHints":{"allow":["GET"]}}],"collection":[{"href":"https:\/\/cx1-conference.com\/de\/wp-json\/wp\/v2\/pages"}],"about":[{"href":"https:\/\/cx1-conference.com\/de\/wp-json\/wp\/v2\/types\/page"}],"author":[{"embeddable":true,"href":"https:\/\/cx1-conference.com\/de\/wp-json\/wp\/v2\/users\/16"}],"replies":[{"embeddable":true,"href":"https:\/\/cx1-conference.com\/de\/wp-json\/wp\/v2\/comments?post=1389"}],"version-history":[{"count":0,"href":"https:\/\/cx1-conference.com\/de\/wp-json\/wp\/v2\/pages\/1389\/revisions"}],"wp:attachment":[{"href":"https:\/\/cx1-conference.com\/de\/wp-json\/wp\/v2\/media?parent=1389"}],"curies":[{"name":"wp","href":"https:\/\/api.w.org\/{rel}","templated":true}]}}